{"id":16,"date":"2017-02-22T12:22:00","date_gmt":"2017-02-22T11:22:00","guid":{"rendered":"http:\/\/www.zelmer-art.com\/?page_id=16"},"modified":"2020-02-05T15:03:44","modified_gmt":"2020-02-05T14:03:44","slug":"exhibitions","status":"publish","type":"page","link":"https:\/\/www.zelmer-art.com\/de\/exhibitions\/","title":{"rendered":"Ausstellungen"},"content":{"rendered":"<p><strong>2019<br \/>\n<\/strong>Art Karlsruhe with Kunst Herrmann<br \/>\nNMKG Jubilee Show, K\u00fcnstlerhaus Munich<\/p>\n<p><strong>2018<br \/>\n<\/strong>Galerie Hrozen, Budweis, Czech Republic<strong><br \/>\n<\/strong><\/p>\n<p><strong>2017<br \/>\n<\/strong>Galerie Kunst Herrmann, Neumarkt<br \/>\nGalerie Kersten, M\u00fcnchen-Brunnthal<br \/>\nGalerie Tiberius, Frankfurt<\/p>\n<p><strong>2015<\/strong><br \/>\nSchubertiade, Schwarzenberg, \u00d6sterreich<br \/>\nArte in Campagna, Museo del Olio, Marmoreo, Italy<\/p>\n<p><strong>2014<\/strong><br \/>\nGalerie Tiberius, Frankfurt<br \/>\nSchubertiade (m. Galerie Bode) Schwarzenberg, \u00d6sterreich<br \/>\nCologne Paper Art, K\u00f6ln, mit Galerie Bode<\/p>\n<p><strong>2013<\/strong><br \/>\nGalerie Gruen, Wiesbaden<br \/>\nGalerie am Dom, (mit Roman Strobl) Gie\u00dfen<br \/>\nGalerie Kersten, (mit Heinz Vieweger), M\u00fcnchen-Brunnthal<br \/>\nSchubertiade (mit Galerie Bode), \u00d6sterreich<br \/>\nSeoul Open Art Fair, Seoul, Korea<br \/>\nArt Show Busan, Busan, Korea<br \/>\nArt Edition Seoul, Seoul, Korea (alle mit Galerie Bode)<\/p>\n<p><strong>2012<\/strong><br \/>\nGalerie Hirnickel im GC B.Kissingen<br \/>\nGalerie Tiberius, Frankfurt<br \/>\nSchubertiade, Schwarzenberg,Austria (m. Galerie Bode)<\/p>\n<p><strong>2010<\/strong><br \/>\nGalerie Bode ,,Neue Arbeiten\u201c, N\u00fcrnberg<br \/>\nMuseo Castello del Caretto ,,Orizzonti\u201c\u00a0Garlenda, Italy<br \/>\nSt\u00e4dtische Galerie Bad Wimpfen<\/p>\n<p><strong>2009<\/strong><br \/>\nMuseo Castello del Caretto, ,,Matamorfosi\u201c\u00a0Garlenda, Italien (Katalog)<\/p>\n<p><strong>2008<\/strong><br \/>\nGana Art Space, Seoul, (Galerie Bode Katalog)<br \/>\nMuzeum O. Kudmy, Gra\ufb01k Retrospektive,\u00a0Netolice, Tschechische Republik<\/p>\n<p><strong>2007<\/strong><br \/>\nGalerie Herrmann, Neumarkt<br \/>\nGalerie Bode, N\u00fcrnberg<br \/>\nKIAF, Korean International Art Fair (Galerie Bode)<\/p>\n<p><strong>2006<\/strong><br \/>\nGalerie Goldturm, St. Gallen, Switzerland<br \/>\nGalerie am Dom, Wetzlar (Katalog)<br \/>\nGalerie Reichert, Lauingen<br \/>\nGalerie Groll, Naarden-Vesting, Niederlande<br \/>\nGalerie H\u00fclsmeier, Osnabr\u00fcck<\/p>\n<p><strong>2005<\/strong><br \/>\nGalerie Kersten, M\u00fcnchen-Brunnthal<br \/>\nGalerie im B\u00fcrgerhaus, M\u00fcnchen-Unterschlei\u00dfheim<br \/>\nGallery Holly Snapp, Venedig-San Marco, Italien<br \/>\nGalerie Nottbohm, G\u00f6ttingen<br \/>\nGalerie Schubert, Neuss<\/p>\n<p><strong>2004<\/strong><br \/>\nGalerie Groll, Naarden-Vesting, Niederlande<br \/>\nGalerie Conzen, D\u00fcsseldorf<br \/>\nGalerie Springmann, Freiburg<br \/>\nNature Morte &#8211; Still Lifes, West Cork Art Center, lreland<\/p>\n<p><strong>2003<\/strong><br \/>\nKunsthandlung Langheinz, Darmstadt<br \/>\nGalerie Herrmann, Neumarkt<br \/>\nArt Galerie Richter, Berlin<br \/>\nGalerie Brunnental, Lauingen<br \/>\nKunsthaus Binhold, K\u00f6ln<br \/>\nGalerie Bode, N\u00fcrnberg<br \/>\nIn Camino per la Pace, Museo Palazzo\u00a0della Provincia, Savona, Italien<\/p>\n<p><strong>2002<\/strong><br \/>\nKunsthandlung H\u00fclsmeier, Osnabr\u00fcck<br \/>\nGalerie Genner, Duisburg<br \/>\nGalerie Koch-Westendorf, L\u00fcbeck<br \/>\nGalerie Vetter, D\u00fcren<br \/>\nGalerie Hyna, Rottach Egern<br \/>\nGalerie Bode N\u00fcrnberg<\/p>\n<p><strong>2001<\/strong><br \/>\nArt Galerie Richter, Berlin<br \/>\nGalerie &amp; Kunsthaus Nottbohm,\u00a0G\u00f6ttingen<br \/>\nGalerie Springmann, Freiburg<br \/>\nGalerie Kersten, Brunnthal<br \/>\nTrinkaus-Galerie, F.G. Conzen,\u00a0D\u00fcsseldorf<br \/>\nGalerie Huber, Eichst\u00e4tt<br \/>\nGalerie am Dom, Wetzlar<br \/>\nGalerie Hirnickel, Bad Kissingen<\/p>\n<p><strong>2000<\/strong><br \/>\nMultiple Art, Hamburg<br \/>\nGalerie de Bernardi, Aachen<br \/>\nFondation Ren\u00e9 Carcan, Br\u00fcssel<br \/>\nK+K Galerie mit Hotel Traube,<br \/>\nFreudenstadt\/Tonbach<br \/>\nGalerie Herrmann, Neumarkt<br \/>\nOsram Galerie, M\u00fcnchen<br \/>\nGalerie Hyna, Rottach-Egern<br \/>\nJubil\u00e4umsausstellung B\u00f6hmler im Tal, M\u00fcnchen<br \/>\nGalerie Bethge, Erfurt<br \/>\nGalerie &amp; Edition Bode, N\u00fcrnberg<\/p>\n<p><strong>1999<\/strong><br \/>\nGalerie K\u00f6stler, M\u00fcnchen<br \/>\nK+K Galerie, Freudenstadt<br \/>\nGalerie Springmann, Freiburg<br \/>\nKunsthaus Conzen, D\u00fcsseldorf<br \/>\nGalerie Kl\u00fcber, Weinheim<br \/>\nGalerie Kocken, Kevelaer<br \/>\nGalerie Zimmermann &amp; Heitmann,\u00a0Dortmund<br \/>\nGalerie Schwarzkopf, Wuppertal<br \/>\nGalerie Schubert, Neuss<br \/>\nGalerie an der Stadtkirche,\u00a0Bayreuth<\/p>\n<p><strong>1998<\/strong><br \/>\nGalerie Lindemann, Paderborn<br \/>\nStadt Bad Kissingen<br \/>\nKunsthandlung Langheinz,\u00a0Darmstadt<br \/>\nGalerie St Editlon Bode, N\u00fcrnberg<br \/>\nKunsthaus Binhold, K\u00f6ln<br \/>\nGalerie Vonderbank, Frankfurt<br \/>\nGalerie in der Prannerstra\u00dfe,\u00a0M\u00fcnchen<\/p>\n<p><strong>1997<\/strong><br \/>\nGalerie H\u00f6lder, Ravensburg<br \/>\nGalerie Diebold-Schilling, Luzern<br \/>\nArt Galerie Richter, Berlin<br \/>\nGalerie G\u00f6tz, Stuttgart<br \/>\nGalerie Puri, Kassel<br \/>\nGalerie Hyna, Rottach-Egern<\/p>\n<p><strong>1996<\/strong><br \/>\nCynthia Bourne Gallery, London<br \/>\nArt Center Beukenhof, Kluisbergen\/Bel.<br \/>\nGalerie im Schlosspavillon, Ismaning<br \/>\nGalerie Otto, M\u00fcnchen<br \/>\nSchloss Galerie, Brixlegg<br \/>\nGalerie &amp; Edition Bode, N\u00fcrnberg<\/p>\n<p><strong>1995<\/strong><br \/>\nGeorgs Galerie, Sylt<br \/>\nGaleria d\u2019 Arte Lisenberg, Buenos Aires<br \/>\nFrohsinn Galerie, Aschaffenburg<br \/>\nGalerie Hyna, Rottach-Egern<\/p>\n<p><strong>1994<\/strong><br \/>\nGalerie Reinshagen, Bad Oyenhausen<br \/>\nGalerie Wild, Lahr<br \/>\nGalerie in der Prannerstra\u00dfe, M\u00fcnchen<br \/>\nGalerie Bollhagen, Worpswede<\/p>\n<p><strong>1993<\/strong><br \/>\nGalerie in der Prannerstra\u00dfe, M\u00fcnchen<br \/>\nKunstverein DiDa Art, Oberwesel<br \/>\nGalerie am Johannisplatz, Schw\u00e4bisch Gm\u00fcnd<br \/>\nGalerie im Schlosspavillon, Ismaning<br \/>\nGalerie &amp; Edition Bode, N\u00fcrnberg<br \/>\nGalerie Hirnickel, Bad Kissingen<\/p>\n<p><strong>1992<\/strong><br \/>\nGalerie im Autal, Niedernhausen<br \/>\nGalerie Hyna, Rottach-Egern<br \/>\nKunsthaus Binhold, K\u00f6ln<br \/>\nGalerie Beukenhof, Kluisbergen\/Bel.<br \/>\nGalerie Pointner, Farchant<br \/>\nArt Galerie Elwert, Baden-Baden<\/p>\n<p><strong>1991<\/strong><br \/>\nGalerie Wild, Lahr<br \/>\nGalerie &amp; Edition Bode, N\u00fcrnberg<br \/>\nGeorgs Galerie, Sylt<br \/>\nGalerie Vetter, D\u00fcren<br \/>\nGalerie Hyna, Rottach Egern<br \/>\nGalerie Hassold, Augsburg<br \/>\nGaleria d&#8217;Arte Lisenberg, Buenos Aires<br \/>\nGalerie Holder, Ravensburg<br \/>\nGalerie in der Prannerstra\u00dfe, M\u00fcnchen<br \/>\nGalerie am K\u00f6nigsplatz, Paderborn<\/p>\n<p><strong>1990<\/strong><br \/>\nGalerie in der Prannerstra\u00dfe, M\u00fcnchen<br \/>\nGalerie Diepold Schilling, Luzern<br \/>\nGalerie Polyprint, Wuppertal<br \/>\nMuseum Schloss Lichtenberg<br \/>\nSchlossgalerie Ismaning<br \/>\nGalerie Pratt, Linz<br \/>\nGalerie Bollhagen, Worpswede<\/p>\n<p><strong>1989<\/strong><br \/>\nGalerie Nievergelt, Z\u00fcrich<br \/>\nGalerie Hagen, Offenburg<br \/>\nGalerie G\u00f6tz, Stuttgart<br \/>\nGalerie Rolandshof, Bonn<\/p>\n<p><strong>1988<\/strong><br \/>\nGalerie Wild, Lahr<br \/>\nGalerie G\u00f6rg, Koblenz<br \/>\nOsram Galerie, M\u00fcnchen<br \/>\nGalerie Hyna, Rottach Egern<br \/>\nGalerie Bollhagen, Worpswede<\/p>\n<p><strong>1987<\/strong><br \/>\nGalerie B\u00f6hler, Bensheim<br \/>\nGalerie Dahlem Dorf, Berlin<br \/>\nDowntown Galleries, Auckland<br \/>\nGalerie Literat, Genf<\/p>\n<p><strong>1986<\/strong><br \/>\nGalerie G\u00f6tz, Stuttgart<br \/>\nGalerie Vonderbank, Frankfurt<br \/>\nGalerie Bollhagen, Worpswede<br \/>\nMitake Gallery, Tokyo<br \/>\nGalerie Dorsch, Berlin<\/p>\n<p><strong>1984<\/strong><br \/>\nGalerie Literart, Genf<br \/>\nGalerie Tendenz, Sindelfingen<br \/>\nAltman Fine Art, Sydney<br \/>\nGalerie Schnake, M\u00fcnster<br \/>\nGalerie H\u00f6llings, Hameln<\/p>\n<p><strong>1983<\/strong><br \/>\nIsetan Gallery, Takasaka City<br \/>\nMunicipal Art Museum<br \/>\nFukuoka, Citizen Gallery,<br \/>\nGalerie Rolandshof, Bonn<br \/>\nRegent Fine Art, Manila<\/p>\n<p><strong>1982<\/strong><br \/>\nMitake Gallery, Tokyo<br \/>\nGalerie Clasen, Nizza<br \/>\nDrazek Art Gallery<br \/>\nUniversity of Maryland<br \/>\nGalerie Bollhagen, Worpswede<\/p>\n<p><strong>1981<\/strong><br \/>\nGalerie Camion, Paris<br \/>\nSachaham Fine Art, New York<br \/>\nGalerie B\u00f6hler, Bensheim<br \/>\nGalerie Faust, Hamburg<\/p>\n<p><strong>1980<\/strong><br \/>\nGalerie Bollhagen, Worpswede<br \/>\nGalerie der St\u00e4dtischen Kunstsammlungen, Augsburg<br \/>\nGalerie Hill, D\u00fcsseldorf<br \/>\nGalerie B\u00e4umler, Regensburg<\/p>\n<p><strong>1979<\/strong><br \/>\nGalerie Dorsch, Berlin<br \/>\nGalerie Margelik, M\u00fcnchen<br \/>\nDie Insel, Hamburger K\u00fcnstlerclub<br \/>\nAichi Prefecture Art Museum<br \/>\nChiba Prefecture Art Museum<\/p>\n<p><\/p>\n<\/p>\n<p><strong>2019<br \/>\n<\/strong>Art Karlsruhe 2019, (mit Kunst Herrmann)<br \/>\nNMKG, 70 Jahre, K\u00fcnstlerhaus am Lenbachplatz, M\u00fcnchen<\/p>\n<p><strong>2018<br \/>\n<\/strong>Galerie Hrozen, Budweis, Tschechien<\/p>\n<p><strong>2017<br \/>\n<\/strong>Galerie Kunst Herrmann, Neumarkt<br \/>\nGalerie Kersten, M\u00fcnchen-Brunnthal<br \/>\nGalerie Tiberius, Frankfurt<\/p>\n<p><strong>2015<\/strong><br \/>\nSchubertiade, Schwarzenberg, \u00d6sterreich<br \/>\nArte in Campagna, Museo del Olio, Marmoreo, Italien<\/p>\n<p><strong>2014<\/strong><br \/>\nGalerie Tiberius, Frankfurt<br \/>\nSchubertiade (m. Galerie Bode) Schwarzenberg, \u00d6sterreich<br \/>\nCologne Paper Art, K\u00f6ln, mit Galerie Bode<\/p>\n<p><strong>2013<\/strong><br \/>\nGalerie Gruen, Wiesbaden<br \/>\nGalerie am Dom, (mit Roman Strobl) Gie\u00dfen<br \/>\nGalerie Kersten, (mit Heinz Vieweger), M\u00fcnchen-Brunnthal<br \/>\nSchubertiade (mit Galerie Bode), \u00d6sterreich<br \/>\nSeoul Open Art Fair, Seoul, Korea<br \/>\nArt Show Busan, Busan, Korea<br \/>\nArt Edition Seoul, Seoul, Korea (alle mit Galerie Bode)<\/p>\n<p><strong>2012<\/strong><br \/>\nGalerie Hirnickel im GC B.Kissingen<br \/>\nGalerie Tiberius, Frankfurt<br \/>\nSchubertiade, Schwarzenberg, \u00d6sterreich (m.Galerie Bode)<\/p>\n<p><strong>2010<\/strong><br \/>\nGalerie Bode ,,Neue Arbeiten\u201c, N\u00fcrnberg<br \/>\nMuseo Castello del Caretto ,,Orizzonti\u201c\u00a0Garlenda, Italien<br \/>\nSt\u00e4dtische Galerie Bad Wimpfen<\/p>\n<p><strong>2009<\/strong><br \/>\nMuseo Castello del Caretto, ,,Matamorfosi\u201c\u00a0Garlenda, Italien (Katalog)<\/p>\n<p><strong>2008<\/strong><br \/>\nGana Art Space, Seoul, (Galerie Bode Katalog)<br \/>\nMuzeum O. Kudrny, Gra\ufb01k Retrospektive,\u00a0Netolice, Tschechische Republik<\/p>\n<p><strong>2007<\/strong><br \/>\nGalerie Herrmann, Neumarkt<br \/>\nGalerie Bode, N\u00fcrnberg<br \/>\nKIAF, Korean International Art Fair (Galerie Bode)<\/p>\n<p><strong>2006<\/strong><br \/>\nGalerie Goldturm, St. Gallen, Schweiz<br \/>\nGalerie am Dom, Wetzlar (Katalog)<br \/>\nGalerie Reichert, Lauingen<br \/>\nGalerie Groll, Naarden-Vesting, Niederlande<br \/>\nGalerie H\u00fclsmeier, Osnabr\u00fcck<\/p>\n<p><strong>2005<\/strong><br \/>\nGalerie Kersten, M\u00fcnchen-Brunnthal<br \/>\nGalerie im B\u00fcrgerhaus, M\u00fcnchen-Unterschlei\u00dfheim<br \/>\nGallery Holly Snapp, Venedig-San Marco, Italien<br \/>\nGalerie Nottbohm, G\u00f6ttingen<br \/>\nGalerie Schubert, Neuss<\/p>\n<p><strong>2004<\/strong><br \/>\nGalerie Groll, Naarden-Vesting, Niederlande<br \/>\nGalerie Conzen, D\u00fcsseldorf<br \/>\nGalerie Springmann, Freiburg<br \/>\nNature Morte &#8211; Still Lifes, West Cork Art Center, lreland<\/p>\n<p><strong>2003<\/strong><br \/>\nKunsthandlung Langheinz, Darmstadt<br \/>\nGalerie Herrmann, Neumarkt<br \/>\nArt Galerie Richter, Berlin<br \/>\nGalerie Brunnental, Lauingen<br \/>\nKunsthaus Binhold, K\u00f6ln<br \/>\nGalerie Bode, N\u00fcrnberg<br \/>\nIn Camino per la Pace, Museo Palazzo\u00a0della Provincia, Savona, Italien<\/p>\n<p><strong>2002<\/strong><br \/>\nKunsthandlung H\u00fclsmeier, Osnabr\u00fcck<br \/>\nGalerie Genner, Duisburg<br \/>\nGalerie Koch-Westendorf, L\u00fcbeck<br \/>\nGalerie Vetter, D\u00fcren<br \/>\nGalerie Hyna, Rottach Egern<br \/>\nGalerie Bode N\u00fcrnberg<\/p>\n<p><strong>2001<\/strong><br \/>\nArt Galerie Richter, Berlin<br \/>\nGalerie &amp; Kunsthaus Nottbohm,\u00a0G\u00f6ttingen<br \/>\nGalerie Springmann, Freiburg<br \/>\nGalerie Kersten, Brunnthal<br \/>\nTrinkaus-Galerie, F.G. Conzen,\u00a0D\u00fcsseldorf<br \/>\nGalerie Huber, Eichst\u00e4tt<br \/>\nGalerie am Dom, Wetzlar<br \/>\nGalerie Hirnickel, Bad Kissingen<\/p>\n<p><strong>2000<\/strong><br \/>\nMultiple Art, Hamburg<br \/>\nGalerie de Bernardi, Aachen<br \/>\nFondation Ren\u00e9 Carcan, Br\u00fcssel<br \/>\nK+K Galerie mit Hotel Traube,<br \/>\nFreudenstadt\/Tonbach<br \/>\nGalerie Herrmann, Neumarkt<br \/>\nOsram Galerie, M\u00fcnchen<br \/>\nGalerie Hyna, Rottach-Egern<br \/>\nJubil\u00e4umsausstellung B\u00f6hmler im Tal, M\u00fcnchen<br \/>\nGalerie Bethge, Erfurt<br \/>\nGalerie &amp; Edition Bode, N\u00fcrnberg<\/p>\n<p><strong>1999<\/strong><br \/>\nGalerie K\u00f6stler, M\u00fcnchen<br \/>\nK+K Galerie, Freudenstadt<br \/>\nGalerie Springmann, Freiburg<br \/>\nKunsthaus Conzen, D\u00fcsseldorf<br \/>\nGalerie Kl\u00fcber, Weinheim<br \/>\nGalerie Kocken, Kevelaer<br \/>\nGalerie Zimmermann &amp; Heitmann,\u00a0Dortmund<br \/>\nGalerie Schwarzkopf, Wuppertal<br \/>\nGalerie Schubert, Neuss<br \/>\nGalerie an der Stadtkirche,\u00a0Bayreuth<\/p>\n<p><strong>1998<\/strong><br \/>\nGalerie Lindemann, Paderborn<br \/>\nStadt Bad Kissingen<br \/>\nKunsthandlung Langheinz,\u00a0Darmstadt<br \/>\nGalerie \u00a0Bode, N\u00fcrnberg<br \/>\nKunsthaus Binhold, K\u00f6ln<br \/>\nGalerie Vonderbank, Frankfurt<br \/>\nGalerie in der Prannerstra\u00dfe,\u00a0M\u00fcnchen<\/p>\n<p><strong>1997<\/strong><br \/>\nGalerie H\u00f6lder, Ravensburg<br \/>\nGalerie Diebold-Schilling, Luzern<br \/>\nArt Galerie Richter, Berlin<br \/>\nGalerie G\u00f6tz, Stuttgart<br \/>\nGalerie Puri, Kassel<br \/>\nGalerie Hyna, Rottach-Egern<\/p>\n<p><strong>1996<\/strong><br \/>\nCynthia Bourne Gallery, London<br \/>\nArt Center Beukenhof, Kluisbergen\/Bel.<br \/>\nGalerie im Schlosspavillon, Ismaning<br \/>\nGalerie Otto, M\u00fcnchen<br \/>\nSchloss Galerie, Brixlegg<br \/>\nGalerie &amp; Edition Bode, N\u00fcrnberg<\/p>\n<p><strong>1995<\/strong><br \/>\nGeorgs Galerie, Sylt<br \/>\nGaleria d\u2019 Arte Lisenberg, Buenos Aires<br \/>\nFrohsinn Galerie, Aschaffenburg<br \/>\nGalerie Hyna, Rottach-Egern<\/p>\n<p><strong>1994<\/strong><br \/>\nGalerie Reinshagen, Bad Oyenhausen<br \/>\nGalerie Wild, Lahr<br \/>\nGalerie in der Prannerstra\u00dfe, M\u00fcnchen<br \/>\nGalerie Bollhagen, Worpswede<\/p>\n<p><strong>1993<\/strong><br \/>\nGalerie in der Prannerstra\u00dfe, M\u00fcnchen<br \/>\nKunstverein DiDa Art, Oberwesel<br \/>\nGalerie am Johannisplatz, Schw\u00e4bisch Gm\u00fcnd<br \/>\nGalerie im Schlosspavillon, Ismaning<br \/>\nGalerie &amp; Edition Bode, N\u00fcrnberg<br \/>\nGalerie Hirnickel, Bad Kissingen<\/p>\n<p><strong>1992<\/strong><br \/>\nGalerie im Autal, Niedernhausen<br \/>\nGalerie Hyna, Rottach-Egern<br \/>\nKunsthaus Binhold, K\u00f6ln<br \/>\nGalerie Beukenhof, Kluisbergen\/Bel.<br \/>\nGalerie Pointner, Farchant<br \/>\nArt Galerie Elwert, Baden-Baden<\/p>\n<p><strong>1991<\/strong><br \/>\nGalerie Wild, Lahr<br \/>\nGalerie &amp; Edition Bode, N\u00fcrnberg<br \/>\nGeorgs Galerie, Sylt<br \/>\nGalerie Vetter, D\u00fcren<br \/>\nGalerie Hyna, Rottach Egern<br \/>\nGalerie Hassold, Augsburg<br \/>\nGaleria d&#8217;Arte Lisenberg, Buenos Aires<br \/>\nGalerie Holder, Ravensburg<br \/>\nGalerie in der Prannerstra\u00dfe, M\u00fcnchen<br \/>\nGalerie am K\u00f6nigsplatz, Paderborn<\/p>\n<p><strong>1990<\/strong><br \/>\nGalerie in der Prannerstra\u00dfe, M\u00fcnchen<br \/>\nGalerie Diepold Schilling, Luzern<br \/>\nGalerie Polyprint, Wuppertal<br \/>\nMuseum Schloss Lichtenberg<br \/>\nSchlossgalerie Ismaning<br \/>\nGalerie Pratt, Linz<br \/>\nGalerie Bollhagen, Worpswede<\/p>\n<p><strong>1989<\/strong><br \/>\nGalerie Nievergelt, Z\u00fcrich<br \/>\nGalerie Hagen, Offenburg<br \/>\nGalerie G\u00f6tz, Stuttgart<br \/>\nGalerie Rolandshof, Bonn<\/p>\n<p><strong>1988<\/strong><br \/>\nGalerie Wild, Lahr<br \/>\nGalerie G\u00f6rg, Koblenz<br \/>\nOsram Galerie, M\u00fcnchen<br \/>\nGalerie Hyna, Rottach Egern<br \/>\nGalerie Bollhagen, Worpswede<\/p>\n<p><strong>1987<\/strong><br \/>\nGalerie B\u00f6hler, Bensheim<br \/>\nGalerie Dahlem Dorf, Berlin<br \/>\nDowntown Galleries, Auckland<br \/>\nGalerie Literat, Genf<\/p>\n<p><strong>1986<\/strong><br \/>\nGalerie G\u00f6tz, Stuttgart<br \/>\nGalerie Vonderbank, Frankfurt<br \/>\nGalerie Bollhagen, Worpswede<br \/>\nMitake Gallery, Tokyo<br \/>\nGalerie Dorsch, Berlin<\/p>\n<p><strong>1984<\/strong><br \/>\nGalerie Literart, Genf<br \/>\nGalerie Tendenz, Sindelfingen<br \/>\nAltman Fine Art, Sydney<br \/>\nGalerie Schnake, M\u00fcnster<br \/>\nGalerie H\u00f6llings, Hameln<\/p>\n<p><strong>1983<\/strong><br \/>\nIsetan Gallery, Takasaka City<br \/>\nMunicipal Art Museum<br \/>\nFukuoka, Citizen Gallery,<br \/>\nGalerie Rolandshof, Bonn<br \/>\nRegent Fine Art, Manila<\/p>\n<p><strong>1982<\/strong><br \/>\nMitake Gallery, Tokyo<br \/>\nGalerie Clasen, Nizza<br \/>\nDrazek Art Gallery<br \/>\nUniversity of Maryland<br \/>\nGalerie Bollhagen, Worpswede<\/p>\n<p><strong>1981<\/strong><br \/>\nGalerie Camion, Paris<br \/>\nSachaham Fine Art, New York<br \/>\nGalerie B\u00f6hler, Bensheim<br \/>\nGalerie Faust, Hamburg<\/p>\n<p><strong>1980<\/strong><br \/>\nGalerie Bollhagen, Worpswede<br \/>\nGalerie der St\u00e4dtischen Kunstsammlungen, Augsburg<br \/>\nGalerie Hill, D\u00fcsseldorf<br \/>\nGalerie B\u00e4umler, Regensburg<\/p>\n<p><strong>1979<\/strong><br \/>\nGalerie Dorsch, Berlin<br \/>\nGalerie Margelik, M\u00fcnchen<br \/>\nDie Insel, Hamburger K\u00fcnstlerclub<br \/>\nAichi Prefecture Art Museum<br \/>\nChiba Prefecture Art Museum<\/p>\n<p><\/p>","protected":false},"excerpt":{"rendered":"<p>2019 Art Karlsruhe with Kunst Herrmann NMKG Jubilee Show, K\u00fcnstlerhaus Munich 2018 Galerie Hrozen, Budweis, Czech Republic 2017 Galerie Kunst Herrmann, Neumarkt Galerie Kersten, M\u00fcnchen-Brunnthal Galerie Tiberius, Frankfurt 2015 Schubertiade, Schwarzenberg, \u00d6sterreich Arte in Campagna, Museo del Olio, Marmoreo, Italy 2014 Galerie Tiberius, Frankfurt Schubertiade (m. Galerie Bode) Schwarzenberg, \u00d6sterreich Cologne Paper Art, K\u00f6ln, mit [&hellip;]<\/p>\n","protected":false},"author":1,"featured_media":0,"parent":0,"menu_order":0,"comment_status":"closed","ping_status":"closed","template":"","meta":[],"acf":[],"yoast_head":"<!-- This site is optimized with the Yoast SEO plugin v18.4.1 - https:\/\/yoast.com\/wordpress\/plugins\/seo\/ -->\n<title>Ausstellungen | Wolfgang Zelmer<\/title>\n<meta name=\"robots\" content=\"index, follow, max-snippet:-1, max-image-preview:large, max-video-preview:-1\" \/>\n<link rel=\"canonical\" href=\"https:\/\/www.zelmer-art.com\/exhibitions\/\" \/>\n<meta property=\"og:locale\" content=\"de_DE\" \/>\n<meta property=\"og:type\" content=\"article\" \/>\n<meta property=\"og:title\" content=\"Ausstellungen | Wolfgang Zelmer\" \/>\n<meta property=\"og:description\" content=\"2019 Art Karlsruhe with Kunst Herrmann NMKG Jubilee Show, K\u00fcnstlerhaus Munich 2018 Galerie Hrozen, Budweis, Czech Republic 2017 Galerie Kunst Herrmann, Neumarkt Galerie Kersten, M\u00fcnchen-Brunnthal Galerie Tiberius, Frankfurt 2015 Schubertiade, Schwarzenberg, \u00d6sterreich Arte in Campagna, Museo del Olio, Marmoreo, Italy 2014 Galerie Tiberius, Frankfurt Schubertiade (m. Galerie Bode) Schwarzenberg, \u00d6sterreich Cologne Paper Art, K\u00f6ln, mit [&hellip;]\" \/>\n<meta property=\"og:url\" content=\"https:\/\/www.zelmer-art.com\/exhibitions\/\" \/>\n<meta property=\"og:site_name\" content=\"Wolfgang Zelmer\" \/>\n<meta property=\"article:modified_time\" content=\"2020-02-05T14:03:44+00:00\" \/>\n<meta name=\"twitter:card\" content=\"summary\" \/>\n<meta name=\"twitter:label1\" content=\"Gesch\u00e4tzte Lesezeit\" \/>\n\t<meta name=\"twitter:data1\" content=\"8\u00a0Minuten\" \/>\n<script type=\"application\/ld+json\" class=\"yoast-schema-graph\">{\"@context\":\"https:\/\/schema.org\",\"@graph\":[{\"@type\":\"WebSite\",\"@id\":\"https:\/\/www.zelmer-art.com\/#website\",\"url\":\"https:\/\/www.zelmer-art.com\/\",\"name\":\"Wolfgang Zelmer\",\"description\":\"\",\"potentialAction\":[{\"@type\":\"SearchAction\",\"target\":{\"@type\":\"EntryPoint\",\"urlTemplate\":\"https:\/\/www.zelmer-art.com\/?s={search_term_string}\"},\"query-input\":\"required name=search_term_string\"}],\"inLanguage\":\"de\"},{\"@type\":\"WebPage\",\"@id\":\"https:\/\/www.zelmer-art.com\/exhibitions\/#webpage\",\"url\":\"https:\/\/www.zelmer-art.com\/exhibitions\/\",\"name\":\"Ausstellungen | Wolfgang Zelmer\",\"isPartOf\":{\"@id\":\"https:\/\/www.zelmer-art.com\/#website\"},\"datePublished\":\"2017-02-22T11:22:00+00:00\",\"dateModified\":\"2020-02-05T14:03:44+00:00\",\"breadcrumb\":{\"@id\":\"https:\/\/www.zelmer-art.com\/exhibitions\/#breadcrumb\"},\"inLanguage\":\"de\",\"potentialAction\":[{\"@type\":\"ReadAction\",\"target\":[\"https:\/\/www.zelmer-art.com\/exhibitions\/\"]}]},{\"@type\":\"BreadcrumbList\",\"@id\":\"https:\/\/www.zelmer-art.com\/exhibitions\/#breadcrumb\",\"itemListElement\":[{\"@type\":\"ListItem\",\"position\":1,\"name\":\"Dom\u016f\",\"item\":\"https:\/\/www.zelmer-art.com\/\"},{\"@type\":\"ListItem\",\"position\":2,\"name\":\"Exhibitions\"}]}]}<\/script>\n<!-- \/ Yoast SEO plugin. -->","yoast_head_json":{"title":"Ausstellungen | Wolfgang Zelmer","robots":{"index":"index","follow":"follow","max-snippet":"max-snippet:-1","max-image-preview":"max-image-preview:large","max-video-preview":"max-video-preview:-1"},"canonical":"https:\/\/www.zelmer-art.com\/exhibitions\/","og_locale":"de_DE","og_type":"article","og_title":"Ausstellungen | Wolfgang Zelmer","og_description":"2019 Art Karlsruhe with Kunst Herrmann NMKG Jubilee Show, K\u00fcnstlerhaus Munich 2018 Galerie Hrozen, Budweis, Czech Republic 2017 Galerie Kunst Herrmann, Neumarkt Galerie Kersten, M\u00fcnchen-Brunnthal Galerie Tiberius, Frankfurt 2015 Schubertiade, Schwarzenberg, \u00d6sterreich Arte in Campagna, Museo del Olio, Marmoreo, Italy 2014 Galerie Tiberius, Frankfurt Schubertiade (m. Galerie Bode) Schwarzenberg, \u00d6sterreich Cologne Paper Art, K\u00f6ln, mit [&hellip;]","og_url":"https:\/\/www.zelmer-art.com\/exhibitions\/","og_site_name":"Wolfgang Zelmer","article_modified_time":"2020-02-05T14:03:44+00:00","twitter_card":"summary","twitter_misc":{"Gesch\u00e4tzte Lesezeit":"8\u00a0Minuten"},"schema":{"@context":"https:\/\/schema.org","@graph":[{"@type":"WebSite","@id":"https:\/\/www.zelmer-art.com\/#website","url":"https:\/\/www.zelmer-art.com\/","name":"Wolfgang Zelmer","description":"","potentialAction":[{"@type":"SearchAction","target":{"@type":"EntryPoint","urlTemplate":"https:\/\/www.zelmer-art.com\/?s={search_term_string}"},"query-input":"required name=search_term_string"}],"inLanguage":"de"},{"@type":"WebPage","@id":"https:\/\/www.zelmer-art.com\/exhibitions\/#webpage","url":"https:\/\/www.zelmer-art.com\/exhibitions\/","name":"Ausstellungen | Wolfgang Zelmer","isPartOf":{"@id":"https:\/\/www.zelmer-art.com\/#website"},"datePublished":"2017-02-22T11:22:00+00:00","dateModified":"2020-02-05T14:03:44+00:00","breadcrumb":{"@id":"https:\/\/www.zelmer-art.com\/exhibitions\/#breadcrumb"},"inLanguage":"de","potentialAction":[{"@type":"ReadAction","target":["https:\/\/www.zelmer-art.com\/exhibitions\/"]}]},{"@type":"BreadcrumbList","@id":"https:\/\/www.zelmer-art.com\/exhibitions\/#breadcrumb","itemListElement":[{"@type":"ListItem","position":1,"name":"Dom\u016f","item":"https:\/\/www.zelmer-art.com\/"},{"@type":"ListItem","position":2,"name":"Exhibitions"}]}]}},"_links":{"self":[{"href":"https:\/\/www.zelmer-art.com\/de\/wp-json\/wp\/v2\/pages\/16"}],"collection":[{"href":"https:\/\/www.zelmer-art.com\/de\/wp-json\/wp\/v2\/pages"}],"about":[{"href":"https:\/\/www.zelmer-art.com\/de\/wp-json\/wp\/v2\/types\/page"}],"author":[{"embeddable":true,"href":"https:\/\/www.zelmer-art.com\/de\/wp-json\/wp\/v2\/users\/1"}],"replies":[{"embeddable":true,"href":"https:\/\/www.zelmer-art.com\/de\/wp-json\/wp\/v2\/comments?post=16"}],"version-history":[{"count":37,"href":"https:\/\/www.zelmer-art.com\/de\/wp-json\/wp\/v2\/pages\/16\/revisions"}],"predecessor-version":[{"id":1191,"href":"https:\/\/www.zelmer-art.com\/de\/wp-json\/wp\/v2\/pages\/16\/revisions\/1191"}],"wp:attachment":[{"href":"https:\/\/www.zelmer-art.com\/de\/wp-json\/wp\/v2\/media?parent=16"}],"curies":[{"name":"wp","href":"https:\/\/api.w.org\/{rel}","templated":true}]}}